{"id":150,"date":"2014-08-24T17:14:26","date_gmt":"2014-08-24T17:14:26","guid":{"rendered":"http:\/\/192.168.1.104\/enfold-blog\/?page_id=2"},"modified":"2018-10-08T15:38:59","modified_gmt":"2018-10-08T13:38:59","slug":"chi-siamo","status":"publish","type":"page","link":"https:\/\/www.villaggiobardonecchia.it\/site\/chi-siamo\/","title":{"rendered":"Chi siamo"},"content":{"rendered":"\n<style type=\"text\/css\" data-created_by=\"avia_inline_auto\" id=\"style-css-av-av_section-f6411b213956f104e5ea85f2d7284127\">\n.avia-section.av-av_section-f6411b213956f104e5ea85f2d7284127{\nbackground-repeat:no-repeat;\nbackground-image:url(https:\/\/www.villaggiobardonecchia.it\/site\/wp-content\/uploads\/2016\/06\/villaggio_dicembre_08-004-scaled.jpg);\nbackground-position:50% 50%;\nbackground-attachment:scroll;\n}\n.avia-section.av-av_section-f6411b213956f104e5ea85f2d7284127 .av-section-color-overlay{\nopacity:0.7;\nbackground-color:#065f78;\n}\n<\/style>\n<div id='av_section_1'  class='avia-section av-av_section-f6411b213956f104e5ea85f2d7284127 main_color avia-section-large avia-no-border-styling  avia-builder-el-0  el_before_av_section  avia-builder-el-first  avia-full-stretch avia-bg-style-scroll av-section-color-overlay-active container_wrap sidebar_right'  data-section-bg-repeat='stretch'><div class=\"av-section-color-overlay-wrap\"><div class=\"av-section-color-overlay\"><\/div><div class='container av-section-cont-open' ><main  class='template-page content  av-content-small alpha units'><div class='post-entry post-entry-type-page post-entry-150'><div class='entry-content-wrapper clearfix'>\n\n<style type=\"text\/css\" data-created_by=\"avia_inline_auto\" id=\"style-css-av-av_heading-7329cebda16389ebff4f0b8757d86542\">\n#top .av-special-heading.av-av_heading-7329cebda16389ebff4f0b8757d86542{\npadding-bottom:10px;\ncolor:#ffffff;\nfont-size:70px;\n}\nbody .av-special-heading.av-av_heading-7329cebda16389ebff4f0b8757d86542 .av-special-heading-tag .heading-char{\nfont-size:25px;\n}\n#top #wrap_all .av-special-heading.av-av_heading-7329cebda16389ebff4f0b8757d86542 .av-special-heading-tag{\nfont-size:70px;\n}\n.av-special-heading.av-av_heading-7329cebda16389ebff4f0b8757d86542 .special-heading-inner-border{\nborder-color:#ffffff;\n}\n.av-special-heading.av-av_heading-7329cebda16389ebff4f0b8757d86542 .av-subheading{\nfont-size:15px;\n}\n\n@media only screen and (min-width: 480px) and (max-width: 767px){ \n#top #wrap_all .av-special-heading.av-av_heading-7329cebda16389ebff4f0b8757d86542 .av-special-heading-tag{\nfont-size:0.8em;\n}\n}\n\n@media only screen and (max-width: 479px){ \n#top #wrap_all .av-special-heading.av-av_heading-7329cebda16389ebff4f0b8757d86542 .av-special-heading-tag{\nfont-size:0.8em;\n}\n}\n<\/style>\n<div  class='av-special-heading av-av_heading-7329cebda16389ebff4f0b8757d86542 av-special-heading-h6 custom-color-heading blockquote modern-quote modern-centered  avia-builder-el-1  avia-builder-el-no-sibling  av-inherit-size'><h6 class='av-special-heading-tag '  >CHI SIAMO<\/h6><div class=\"special-heading-border\"><div class=\"special-heading-inner-border\"><\/div><\/div><\/div>\n\n<\/div><\/div><\/main><!-- close content main element --><\/div><\/div><\/div><div id='av_section_2'  class='avia-section av-av_section-773bb6d9525119f457c9934c85c049cb alternate_color avia-section-large avia-no-border-styling  avia-builder-el-2  el_after_av_section  el_before_av_section  avia-bg-style-scroll container_wrap sidebar_right'  ><div class='container av-section-cont-open' ><div class='template-page content  av-content-small alpha units'><div class='post-entry post-entry-type-page post-entry-150'><div class='entry-content-wrapper clearfix'>\n\n<style type=\"text\/css\" data-created_by=\"avia_inline_auto\" id=\"style-css-av-av_one_full-d71a51a707c4656b37c9afbbd6138215\">\n.flex_column.av-av_one_full-d71a51a707c4656b37c9afbbd6138215{\nborder-radius:0px 0px 0px 0px;\npadding:0px 0px 0px 0px;\n}\n<\/style>\n<div  class='flex_column av-av_one_full-d71a51a707c4656b37c9afbbd6138215 av_one_full  avia-builder-el-3  avia-builder-el-no-sibling  first flex_column_div av-animated-generic bottom-to-top av-zero-column-padding  '     ><p>\n<style type=\"text\/css\" data-created_by=\"avia_inline_auto\" id=\"style-css-av-av_heading-200be67d0c2622ae0c79c6857939ff4e\">\n#top .av-special-heading.av-av_heading-200be67d0c2622ae0c79c6857939ff4e{\npadding-bottom:20px;\ncolor:#ffffff;\nfont-size:34px;\n}\nbody .av-special-heading.av-av_heading-200be67d0c2622ae0c79c6857939ff4e .av-special-heading-tag .heading-char{\nfont-size:25px;\n}\n#top #wrap_all .av-special-heading.av-av_heading-200be67d0c2622ae0c79c6857939ff4e .av-special-heading-tag{\nfont-size:34px;\n}\n.av-special-heading.av-av_heading-200be67d0c2622ae0c79c6857939ff4e .special-heading-inner-border{\nborder-color:#ffffff;\n}\n.av-special-heading.av-av_heading-200be67d0c2622ae0c79c6857939ff4e .av-subheading{\nfont-size:15px;\n}\n\n@media only screen and (min-width: 480px) and (max-width: 767px){ \n#top #wrap_all .av-special-heading.av-av_heading-200be67d0c2622ae0c79c6857939ff4e .av-special-heading-tag{\nfont-size:0.8em;\n}\n}\n\n@media only screen and (max-width: 479px){ \n#top #wrap_all .av-special-heading.av-av_heading-200be67d0c2622ae0c79c6857939ff4e .av-special-heading-tag{\nfont-size:0.8em;\n}\n}\n<\/style>\n<div  class='av-special-heading av-av_heading-200be67d0c2622ae0c79c6857939ff4e av-special-heading-h3 custom-color-heading blockquote modern-quote  avia-builder-el-4  el_before_av_textblock  avia-builder-el-first  av-inherit-size'><div class='av_custom_color av-subheading av-subheading_above'><p>dove i tuoi desideri si realizzano<\/p>\n<\/div><h3 class='av-special-heading-tag '  >Un villaggio di Qualit\u00e0<\/h3><div class=\"special-heading-border\"><div class=\"special-heading-inner-border\"><\/div><\/div><\/div><br \/>\n\n<style type=\"text\/css\" data-created_by=\"avia_inline_auto\" id=\"style-css-av-av_textblock-3326d3317592321e340dbe8477480288\">\n#top .av_textblock_section.av-av_textblock-3326d3317592321e340dbe8477480288 .avia_textblock{\nfont-size:15px;\n}\n<\/style>\n<section  class='av_textblock_section av-av_textblock-3326d3317592321e340dbe8477480288 '  ><div class='avia_textblock' ><p>D.O.C. s.c.s gestisce il Villaggio Olimpico di Bardonecchia dal 2011<\/p>\n<blockquote>\n<p>con l\u2019impegno e l&#8217;obiettivo di offrire, in Alta Val di Susa, un albergo di qualit\u00e0 e flessibile alle esigenze di ogni cliente, dal week end sulla neve\u00a0ed il soggiorno\u00a0estivo al grande evento aziendale.<\/p>\n<\/blockquote>\n<p>Coerente con le altre diverse realt\u00e0 della nostra impresa sociale, il Villaggio Olimpico \u00e8 espressione di un modello di gestione attento all&#8217;ambiente e alla sicurezza, con procedure che promuovono buone prassi di sostenibilit\u00e0, centro di promozione educativa per una vacanza responsabile.<\/p>\n<p>Un sincero benvenuto ai nostri ospiti, in inverno ed in estate, per pochi o tanti giorni con la promessa di dare il meglio per farvi sentire a casa&#8230; al centro del villaggio!<\/p>\n<p><a href=\"http:\/\/www.cooperativadoc.it\">Cooperativa D.O.C.<\/a><\/p>\n<\/div><\/section><\/p><\/div>\n\n<\/div><\/div><\/div><!-- close content main div --><\/div><\/div><div id='av_section_3'  class='avia-section av-av_section-f6ab5b81e634ea345e6c81f64e3dbfab main_color avia-section-default avia-no-shadow  avia-builder-el-6  el_after_av_section  avia-builder-el-last  avia-bg-style-scroll container_wrap sidebar_right'  ><div class='container av-section-cont-open' ><div class='template-page content  av-content-small alpha units'><div class='post-entry post-entry-type-page post-entry-150'><div class='entry-content-wrapper clearfix'>\n\n<style type=\"text\/css\" data-created_by=\"avia_inline_auto\" id=\"style-css-av-av_one_half-d71a51a707c4656b37c9afbbd6138215\">\n.flex_column.av-av_one_half-d71a51a707c4656b37c9afbbd6138215{\nborder-radius:0px 0px 0px 0px;\npadding:0px 0px 0px 0px;\n}\n<\/style>\n<div  class='flex_column av-av_one_half-d71a51a707c4656b37c9afbbd6138215 av_one_half  avia-builder-el-7  el_before_av_one_half  avia-builder-el-first  first flex_column_div av-animated-generic bottom-to-top av-zero-column-padding  '     ><p>\n<style type=\"text\/css\" data-created_by=\"avia_inline_auto\" id=\"style-css-av-av_heading-dc94fd0865fde1c5cf04c3c0d58520a5\">\n#top .av-special-heading.av-av_heading-dc94fd0865fde1c5cf04c3c0d58520a5{\npadding-bottom:20px;\nfont-size:34px;\n}\nbody .av-special-heading.av-av_heading-dc94fd0865fde1c5cf04c3c0d58520a5 .av-special-heading-tag .heading-char{\nfont-size:25px;\n}\n#top #wrap_all .av-special-heading.av-av_heading-dc94fd0865fde1c5cf04c3c0d58520a5 .av-special-heading-tag{\nfont-size:34px;\n}\n.av-special-heading.av-av_heading-dc94fd0865fde1c5cf04c3c0d58520a5 .av-subheading{\nfont-size:15px;\n}\n\n@media only screen and (min-width: 480px) and (max-width: 767px){ \n#top #wrap_all .av-special-heading.av-av_heading-dc94fd0865fde1c5cf04c3c0d58520a5 .av-special-heading-tag{\nfont-size:0.8em;\n}\n}\n\n@media only screen and (max-width: 479px){ \n#top #wrap_all .av-special-heading.av-av_heading-dc94fd0865fde1c5cf04c3c0d58520a5 .av-special-heading-tag{\nfont-size:0.8em;\n}\n}\n<\/style>\n<div  class='av-special-heading av-av_heading-dc94fd0865fde1c5cf04c3c0d58520a5 av-special-heading-h3 blockquote modern-quote  avia-builder-el-8  el_before_av_textblock  avia-builder-el-first  av-inherit-size'><h3 class='av-special-heading-tag '  >La Cooperativa D.O.C. <\/h3><div class=\"special-heading-border\"><div class=\"special-heading-inner-border\"><\/div><\/div><\/div><br \/>\n<section  class='av_textblock_section av-av_textblock-0366cc7376be6c9e82a3e9cc8987b64f '  ><div class='avia_textblock' ><p><img loading=\"lazy\" decoding=\"async\" class=\"size-medium wp-image-698 alignleft\" src=\"http:\/\/www.villaggiobardonecchia.it\/site\/wp-content\/uploads\/2014\/08\/coopdoc_footer-300x122.png\" alt=\"coopdoc_footer\" width=\"300\" height=\"122\" srcset=\"https:\/\/www.villaggiobardonecchia.it\/site\/wp-content\/uploads\/2014\/08\/coopdoc_footer-300x122.png 300w, https:\/\/www.villaggiobardonecchia.it\/site\/wp-content\/uploads\/2014\/08\/coopdoc_footer-450x183.png 450w, https:\/\/www.villaggiobardonecchia.it\/site\/wp-content\/uploads\/2014\/08\/coopdoc_footer.png 459w\" sizes=\"auto, (max-width: 300px) 100vw, 300px\" \/>D.O.C. s.c.s. opera dal 1988 in ambito turistico sociale con particolare attenzione alla ricerca, allo studio e alla progettazione di iniziative indirizzate ai giovani.<\/p>\n<p>Innovazione e progettazione in ambito educativo, ambientale e culturale definiscono il profilo di un lavoro ventennale cui hanno contribuito migliaia di operatori \u201cdel tempo libero\u201d, educatori e non, che hanno saputo unire al loro agire professionale una capacit\u00e0 caratterizzante, quella di abitare la propria organizzazione in modo creativo ed originale.<\/p>\n<p>Anche per tale ragione D.O.C. \u00e8 riuscita negli anni a diversificare il suo mandato sociale originario in modo efficace, rispondendo a bisogni e richieste di soci e destinatari dei servizi per i quali la Cooperativa \u00e8 luogo di elaborazione di pensiero ma anche concreta opportunit\u00e0 per una costruzione condivisa di attivit\u00e0 e progetti.<!--more--><\/p>\n<p>D.O.C. ha maturato un\u2019esperienza significativa nel settore dei Soggiorni Estivi e dei Campus Estivi di Vacanza per minori, ma anche dell\u2019accoglienza e dell\u2019organizzazione turistica, con la gestione di numerose strutture ricettive alberghiere ed extralberghiere su tutto il territorio nazionale, dove organizza soggiorni estivi, vacanze per bambini e ragazzi, settimane bianche, gite scolastiche, vacanze per gruppi.<\/p>\n<p>Contatti:<br \/>\nD.O.C. s.c.s Via Assietta 16\/b 10128 &#8211; Torino tel. +39.011.516.20.38<br \/>\nfax +39.011.517.54.86 &#8211; info@cooperativadoc.it &#8211; www.cooperativadoc.it<br \/>\nP.IVA 05617000012<\/p>\n<\/div><\/section><\/p><\/div>\n<style type=\"text\/css\" data-created_by=\"avia_inline_auto\" id=\"style-css-av-av_one_half-93bea18e2ccb60552a17080633244dec\">\n.flex_column.av-av_one_half-93bea18e2ccb60552a17080633244dec{\nborder-radius:0px 0px 0px 0px;\npadding:0px 0px 0px 0px;\n}\n<\/style>\n<div  class='flex_column av-av_one_half-93bea18e2ccb60552a17080633244dec av_one_half  avia-builder-el-10  el_after_av_one_half  avia-builder-el-last  flex_column_div av-animated-generic bottom-to-top av-zero-column-padding  '     ><p>\n<style type=\"text\/css\" data-created_by=\"avia_inline_auto\" id=\"style-css-av-av_heading-5e8564eed286ed4a9e08063434728e22\">\n#top .av-special-heading.av-av_heading-5e8564eed286ed4a9e08063434728e22{\npadding-bottom:20px;\nfont-size:34px;\n}\nbody .av-special-heading.av-av_heading-5e8564eed286ed4a9e08063434728e22 .av-special-heading-tag .heading-char{\nfont-size:25px;\n}\n#top #wrap_all .av-special-heading.av-av_heading-5e8564eed286ed4a9e08063434728e22 .av-special-heading-tag{\nfont-size:34px;\n}\n.av-special-heading.av-av_heading-5e8564eed286ed4a9e08063434728e22 .av-subheading{\nfont-size:15px;\n}\n\n@media only screen and (min-width: 480px) and (max-width: 767px){ \n#top #wrap_all .av-special-heading.av-av_heading-5e8564eed286ed4a9e08063434728e22 .av-special-heading-tag{\nfont-size:0.8em;\n}\n}\n\n@media only screen and (max-width: 479px){ \n#top #wrap_all .av-special-heading.av-av_heading-5e8564eed286ed4a9e08063434728e22 .av-special-heading-tag{\nfont-size:0.8em;\n}\n}\n<\/style>\n<div  class='av-special-heading av-av_heading-5e8564eed286ed4a9e08063434728e22 av-special-heading-h3 blockquote modern-quote  avia-builder-el-11  el_before_av_textblock  avia-builder-el-first  av-inherit-size'><h3 class='av-special-heading-tag '  >Keluar Tour Operator<\/h3><div class=\"special-heading-border\"><div class=\"special-heading-inner-border\"><\/div><\/div><\/div><br \/>\n<section  class='av_textblock_section av-av_textblock-0366cc7376be6c9e82a3e9cc8987b64f '  ><div class='avia_textblock' ><p><img loading=\"lazy\" decoding=\"async\" class=\"wp-image-699 size-medium alignleft\" src=\"http:\/\/www.villaggiobardonecchia.it\/site\/wp-content\/uploads\/2014\/08\/keluar_logo-300x86.png\" width=\"300\" height=\"86\" srcset=\"https:\/\/www.villaggiobardonecchia.it\/site\/wp-content\/uploads\/2014\/08\/keluar_logo-300x86.png 300w, https:\/\/www.villaggiobardonecchia.it\/site\/wp-content\/uploads\/2014\/08\/keluar_logo-450x129.png 450w, https:\/\/www.villaggiobardonecchia.it\/site\/wp-content\/uploads\/2014\/08\/keluar_logo.png 651w\" sizes=\"auto, (max-width: 300px) 100vw, 300px\" \/>Keluar, tour operator torinese, nasce nel 1997 dall&#8217;esperienza maturata dalla cooperativa D.O.C. nel settore dell\u2019accoglienza e dell\u2019organizzazione di Soggiorni Vacanza per bambini e ragazzi, e nella gestione di numerose strutture ricettive alberghiere ed extralberghiere su tutto il territorio nazionale.<\/p>\n<p>Un tour operator che propone a scuole, aziende, gruppi ed istituzioni, non solo uno stile di viaggio ma soprattutto strategie e programmi per ogni et\u00e0 che coniugano i piaceri della vacanza con la valorizzazione dei territori e i bisogni di conoscenza, socialit\u00e0 e cultura espressi da chi viaggia.<\/p>\n<p><!--more--><\/p>\n<p>Viaggiare con mezzi ecologici, privilegiando la scoperta di ambienti e non solo di paesaggi, promuovere modalit\u00e0 di turismo consapevole attraverso una informazione corretta, garantire la partecipazione ad iniziative attente alle esigenze del singolo e del gruppo, sono i lineamenti di un lavoro volto a valorizzare il tempo libero come condizione di benessere e qualit\u00e0 della vita.<\/p>\n<p>Contatti:<br \/>\nKeluar s.r.l. Via Assietta 16\/b 10128 &#8211; Torino tel. +39.011.516.29.79<br \/>\nfax +39.011.517.54.86 &#8211; info@keluar.it &#8211; www.keluar.it<br \/>\nP.IVA 07408880016<\/p>\n<\/div><\/section><\/p><\/div><\/div><\/div><\/div><!-- close content main div --><\/div><\/div><div id='after_section_3'  class='main_color av_default_container_wrap container_wrap sidebar_right'  ><div class='container av-section-cont-open' ><div class='template-page content  av-content-small alpha units'><div class='post-entry post-entry-type-page post-entry-150'><div class='entry-content-wrapper clearfix'>\n","protected":false},"excerpt":{"rendered":"<p>D.O.C. s.c.s. opera dal 1988 in ambito turistico sociale con particolare attenzione alla ricerca, allo studio e alla progettazione di iniziative indirizzate ai giovani. Innovazione e progettazione in ambito educativo, ambientale e culturale definiscono il profilo di un lavoro ventennale cui hanno contribuito migliaia di operatori \u201cdel tempo libero\u201d, educatori e non, che hanno saputo [&hellip;]<\/p>\n","protected":false},"author":1,"featured_media":0,"parent":0,"menu_order":0,"comment_status":"open","ping_status":"open","template":"","meta":{"_acf_changed":false,"footnotes":""},"class_list":["post-150","page","type-page","status-publish","hentry"],"acf":[],"yoast_head":"<!-- This site is optimized with the Yoast SEO plugin v26.7 - https:\/\/yoast.com\/wordpress\/plugins\/seo\/ -->\n<title>Chi siamo - Villaggio olimpico Bardonecchia<\/title>\n<meta name=\"robots\" content=\"index, follow, max-snippet:-1, max-image-preview:large, max-video-preview:-1\" \/>\n<link rel=\"canonical\" href=\"https:\/\/www.villaggiobardonecchia.it\/site\/chi-siamo\/\" \/>\n<meta property=\"og:locale\" content=\"it_IT\" \/>\n<meta property=\"og:type\" content=\"article\" \/>\n<meta property=\"og:title\" content=\"Chi siamo - Villaggio olimpico Bardonecchia\" \/>\n<meta property=\"og:description\" content=\"D.O.C. s.c.s. opera dal 1988 in ambito turistico sociale con particolare attenzione alla ricerca, allo studio e alla progettazione di iniziative indirizzate ai giovani. Innovazione e progettazione in ambito educativo, ambientale e culturale definiscono il profilo di un lavoro ventennale cui hanno contribuito migliaia di operatori \u201cdel tempo libero\u201d, educatori e non, che hanno saputo [&hellip;]\" \/>\n<meta property=\"og:url\" content=\"https:\/\/www.villaggiobardonecchia.it\/site\/chi-siamo\/\" \/>\n<meta property=\"og:site_name\" content=\"Villaggio olimpico Bardonecchia\" \/>\n<meta property=\"article:modified_time\" content=\"2018-10-08T13:38:59+00:00\" \/>\n<meta property=\"og:image\" content=\"http:\/\/www.villaggiobardonecchia.it\/site\/wp-content\/uploads\/2014\/08\/coopdoc_footer-300x122.png\" \/>\n<meta name=\"twitter:card\" content=\"summary_large_image\" \/>\n<meta name=\"twitter:label1\" content=\"Tempo di lettura stimato\" \/>\n\t<meta name=\"twitter:data1\" content=\"5 minuti\" \/>\n<script type=\"application\/ld+json\" class=\"yoast-schema-graph\">{\"@context\":\"https:\/\/schema.org\",\"@graph\":[{\"@type\":\"WebPage\",\"@id\":\"https:\/\/www.villaggiobardonecchia.it\/site\/chi-siamo\/\",\"url\":\"https:\/\/www.villaggiobardonecchia.it\/site\/chi-siamo\/\",\"name\":\"Chi siamo - Villaggio olimpico Bardonecchia\",\"isPartOf\":{\"@id\":\"https:\/\/www.villaggiobardonecchia.it\/site\/#website\"},\"primaryImageOfPage\":{\"@id\":\"https:\/\/www.villaggiobardonecchia.it\/site\/chi-siamo\/#primaryimage\"},\"image\":{\"@id\":\"https:\/\/www.villaggiobardonecchia.it\/site\/chi-siamo\/#primaryimage\"},\"thumbnailUrl\":\"http:\/\/www.villaggiobardonecchia.it\/site\/wp-content\/uploads\/2014\/08\/coopdoc_footer-300x122.png\",\"datePublished\":\"2014-08-24T17:14:26+00:00\",\"dateModified\":\"2018-10-08T13:38:59+00:00\",\"breadcrumb\":{\"@id\":\"https:\/\/www.villaggiobardonecchia.it\/site\/chi-siamo\/#breadcrumb\"},\"inLanguage\":\"it-IT\",\"potentialAction\":[{\"@type\":\"ReadAction\",\"target\":[\"https:\/\/www.villaggiobardonecchia.it\/site\/chi-siamo\/\"]}]},{\"@type\":\"ImageObject\",\"inLanguage\":\"it-IT\",\"@id\":\"https:\/\/www.villaggiobardonecchia.it\/site\/chi-siamo\/#primaryimage\",\"url\":\"https:\/\/www.villaggiobardonecchia.it\/site\/wp-content\/uploads\/2014\/08\/coopdoc_footer.png\",\"contentUrl\":\"https:\/\/www.villaggiobardonecchia.it\/site\/wp-content\/uploads\/2014\/08\/coopdoc_footer.png\",\"width\":459,\"height\":187},{\"@type\":\"BreadcrumbList\",\"@id\":\"https:\/\/www.villaggiobardonecchia.it\/site\/chi-siamo\/#breadcrumb\",\"itemListElement\":[{\"@type\":\"ListItem\",\"position\":1,\"name\":\"Home\",\"item\":\"https:\/\/www.villaggiobardonecchia.it\/site\/welcome-summer-home\/\"},{\"@type\":\"ListItem\",\"position\":2,\"name\":\"Chi siamo\"}]},{\"@type\":\"WebSite\",\"@id\":\"https:\/\/www.villaggiobardonecchia.it\/site\/#website\",\"url\":\"https:\/\/www.villaggiobardonecchia.it\/site\/\",\"name\":\"Villaggio olimpico Bardonecchia\",\"description\":\"Villaggio olimpico Bardonecchia\",\"publisher\":{\"@id\":\"https:\/\/www.villaggiobardonecchia.it\/site\/#organization\"},\"potentialAction\":[{\"@type\":\"SearchAction\",\"target\":{\"@type\":\"EntryPoint\",\"urlTemplate\":\"https:\/\/www.villaggiobardonecchia.it\/site\/?s={search_term_string}\"},\"query-input\":{\"@type\":\"PropertyValueSpecification\",\"valueRequired\":true,\"valueName\":\"search_term_string\"}}],\"inLanguage\":\"it-IT\"},{\"@type\":\"Organization\",\"@id\":\"https:\/\/www.villaggiobardonecchia.it\/site\/#organization\",\"name\":\"Cooperativa Doc S.c.s\",\"url\":\"https:\/\/www.villaggiobardonecchia.it\/site\/\",\"logo\":{\"@type\":\"ImageObject\",\"inLanguage\":\"it-IT\",\"@id\":\"https:\/\/www.villaggiobardonecchia.it\/site\/#\/schema\/logo\/image\/\",\"url\":\"https:\/\/www.villaggiobardonecchia.it\/site\/wp-content\/uploads\/2016\/06\/coopdoc_footer.png\",\"contentUrl\":\"https:\/\/www.villaggiobardonecchia.it\/site\/wp-content\/uploads\/2016\/06\/coopdoc_footer.png\",\"width\":459,\"height\":187,\"caption\":\"Cooperativa Doc S.c.s\"},\"image\":{\"@id\":\"https:\/\/www.villaggiobardonecchia.it\/site\/#\/schema\/logo\/image\/\"}}]}<\/script>\n<!-- \/ Yoast SEO plugin. -->","yoast_head_json":{"title":"Chi siamo - Villaggio olimpico Bardonecchia","robots":{"index":"index","follow":"follow","max-snippet":"max-snippet:-1","max-image-preview":"max-image-preview:large","max-video-preview":"max-video-preview:-1"},"canonical":"https:\/\/www.villaggiobardonecchia.it\/site\/chi-siamo\/","og_locale":"it_IT","og_type":"article","og_title":"Chi siamo - Villaggio olimpico Bardonecchia","og_description":"D.O.C. s.c.s. opera dal 1988 in ambito turistico sociale con particolare attenzione alla ricerca, allo studio e alla progettazione di iniziative indirizzate ai giovani. Innovazione e progettazione in ambito educativo, ambientale e culturale definiscono il profilo di un lavoro ventennale cui hanno contribuito migliaia di operatori \u201cdel tempo libero\u201d, educatori e non, che hanno saputo [&hellip;]","og_url":"https:\/\/www.villaggiobardonecchia.it\/site\/chi-siamo\/","og_site_name":"Villaggio olimpico Bardonecchia","article_modified_time":"2018-10-08T13:38:59+00:00","og_image":[{"url":"http:\/\/www.villaggiobardonecchia.it\/site\/wp-content\/uploads\/2014\/08\/coopdoc_footer-300x122.png","type":"","width":"","height":""}],"twitter_card":"summary_large_image","twitter_misc":{"Tempo di lettura stimato":"5 minuti"},"schema":{"@context":"https:\/\/schema.org","@graph":[{"@type":"WebPage","@id":"https:\/\/www.villaggiobardonecchia.it\/site\/chi-siamo\/","url":"https:\/\/www.villaggiobardonecchia.it\/site\/chi-siamo\/","name":"Chi siamo - Villaggio olimpico Bardonecchia","isPartOf":{"@id":"https:\/\/www.villaggiobardonecchia.it\/site\/#website"},"primaryImageOfPage":{"@id":"https:\/\/www.villaggiobardonecchia.it\/site\/chi-siamo\/#primaryimage"},"image":{"@id":"https:\/\/www.villaggiobardonecchia.it\/site\/chi-siamo\/#primaryimage"},"thumbnailUrl":"http:\/\/www.villaggiobardonecchia.it\/site\/wp-content\/uploads\/2014\/08\/coopdoc_footer-300x122.png","datePublished":"2014-08-24T17:14:26+00:00","dateModified":"2018-10-08T13:38:59+00:00","breadcrumb":{"@id":"https:\/\/www.villaggiobardonecchia.it\/site\/chi-siamo\/#breadcrumb"},"inLanguage":"it-IT","potentialAction":[{"@type":"ReadAction","target":["https:\/\/www.villaggiobardonecchia.it\/site\/chi-siamo\/"]}]},{"@type":"ImageObject","inLanguage":"it-IT","@id":"https:\/\/www.villaggiobardonecchia.it\/site\/chi-siamo\/#primaryimage","url":"https:\/\/www.villaggiobardonecchia.it\/site\/wp-content\/uploads\/2014\/08\/coopdoc_footer.png","contentUrl":"https:\/\/www.villaggiobardonecchia.it\/site\/wp-content\/uploads\/2014\/08\/coopdoc_footer.png","width":459,"height":187},{"@type":"BreadcrumbList","@id":"https:\/\/www.villaggiobardonecchia.it\/site\/chi-siamo\/#breadcrumb","itemListElement":[{"@type":"ListItem","position":1,"name":"Home","item":"https:\/\/www.villaggiobardonecchia.it\/site\/welcome-summer-home\/"},{"@type":"ListItem","position":2,"name":"Chi siamo"}]},{"@type":"WebSite","@id":"https:\/\/www.villaggiobardonecchia.it\/site\/#website","url":"https:\/\/www.villaggiobardonecchia.it\/site\/","name":"Villaggio olimpico Bardonecchia","description":"Villaggio olimpico Bardonecchia","publisher":{"@id":"https:\/\/www.villaggiobardonecchia.it\/site\/#organization"},"potentialAction":[{"@type":"SearchAction","target":{"@type":"EntryPoint","urlTemplate":"https:\/\/www.villaggiobardonecchia.it\/site\/?s={search_term_string}"},"query-input":{"@type":"PropertyValueSpecification","valueRequired":true,"valueName":"search_term_string"}}],"inLanguage":"it-IT"},{"@type":"Organization","@id":"https:\/\/www.villaggiobardonecchia.it\/site\/#organization","name":"Cooperativa Doc S.c.s","url":"https:\/\/www.villaggiobardonecchia.it\/site\/","logo":{"@type":"ImageObject","inLanguage":"it-IT","@id":"https:\/\/www.villaggiobardonecchia.it\/site\/#\/schema\/logo\/image\/","url":"https:\/\/www.villaggiobardonecchia.it\/site\/wp-content\/uploads\/2016\/06\/coopdoc_footer.png","contentUrl":"https:\/\/www.villaggiobardonecchia.it\/site\/wp-content\/uploads\/2016\/06\/coopdoc_footer.png","width":459,"height":187,"caption":"Cooperativa Doc S.c.s"},"image":{"@id":"https:\/\/www.villaggiobardonecchia.it\/site\/#\/schema\/logo\/image\/"}}]}},"_links":{"self":[{"href":"https:\/\/www.villaggiobardonecchia.it\/site\/wp-json\/wp\/v2\/pages\/150","targetHints":{"allow":["GET"]}}],"collection":[{"href":"https:\/\/www.villaggiobardonecchia.it\/site\/wp-json\/wp\/v2\/pages"}],"about":[{"href":"https:\/\/www.villaggiobardonecchia.it\/site\/wp-json\/wp\/v2\/types\/page"}],"author":[{"embeddable":true,"href":"https:\/\/www.villaggiobardonecchia.it\/site\/wp-json\/wp\/v2\/users\/1"}],"replies":[{"embeddable":true,"href":"https:\/\/www.villaggiobardonecchia.it\/site\/wp-json\/wp\/v2\/comments?post=150"}],"version-history":[{"count":10,"href":"https:\/\/www.villaggiobardonecchia.it\/site\/wp-json\/wp\/v2\/pages\/150\/revisions"}],"predecessor-version":[{"id":1302,"href":"https:\/\/www.villaggiobardonecchia.it\/site\/wp-json\/wp\/v2\/pages\/150\/revisions\/1302"}],"wp:attachment":[{"href":"https:\/\/www.villaggiobardonecchia.it\/site\/wp-json\/wp\/v2\/media?parent=150"}],"curies":[{"name":"wp","href":"https:\/\/api.w.org\/{rel}","templated":true}]}}